{"id":335,"date":"2021-04-22T10:44:22","date_gmt":"2021-04-22T08:44:22","guid":{"rendered":"https:\/\/www.lestafettegraphique.com\/?page_id=335"},"modified":"2021-05-11T16:40:00","modified_gmt":"2021-05-11T14:40:00","slug":"animation-avec-lestafette","status":"publish","type":"page","link":"https:\/\/www.lestafettegraphique.com\/index.php\/animation-avec-lestafette\/","title":{"rendered":"Animation avec l&rsquo;Estafette"},"content":{"rendered":"<p>[et_pb_section fb_built=\u00a0\u00bb1&Prime; _builder_version=\u00a0\u00bb4.8.1&Prime; _module_preset=\u00a0\u00bbdefault\u00a0\u00bb custom_padding=\u00a0\u00bb5px||3px|||\u00a0\u00bb][et_pb_row _builder_version=\u00a0\u00bb4.8.1&Prime; _module_preset=\u00a0\u00bbdefault\u00a0\u00bb custom_padding=\u00a0\u00bb||4px|||\u00a0\u00bb][et_pb_column type=\u00a0\u00bb4_4&Prime; _builder_version=\u00a0\u00bb4.8.1&Prime; _module_preset=\u00a0\u00bbdefault\u00a0\u00bb][et_pb_image src=\u00a0\u00bbhttps:\/\/www.lestafettegraphique.com\/wp-content\/uploads\/2021\/04\/titre-animation-estafette-300&#215;96.png\u00a0\u00bb alt=\u00a0\u00bbAnimations avec l&rsquo;Estafette graphique, atelier de s\u00e9rigraphie itin\u00e9rant\u00a0\u00bb title_text=\u00a0\u00bbtitre-animation-estafette\u00a0\u00bb align=\u00a0\u00bbcenter\u00a0\u00bb _builder_version=\u00a0\u00bb4.8.1&Prime; _module_preset=\u00a0\u00bbdefault\u00a0\u00bb][\/et_pb_image][\/et_pb_column][\/et_pb_row][\/et_pb_section][et_pb_section fb_built=\u00a0\u00bb1&Prime; _builder_version=\u00a0\u00bb4.8.1&Prime; _module_preset=\u00a0\u00bbdefault\u00a0\u00bb custom_padding=\u00a0\u00bb5px||1px|||\u00a0\u00bb][et_pb_row _builder_version=\u00a0\u00bb4.8.1&Prime; _module_preset=\u00a0\u00bbdefault\u00a0\u00bb][et_pb_column type=\u00a0\u00bb4_4&Prime; _builder_version=\u00a0\u00bb4.8.1&Prime; _module_preset=\u00a0\u00bbdefault\u00a0\u00bb][et_pb_text _builder_version=\u00a0\u00bb4.8.1&Prime; _module_preset=\u00a0\u00bbdefault\u00a0\u00bb header_2_font_size=\u00a0\u00bb20px\u00a0\u00bb]<\/p>\n<div class=\"page\" title=\"Page 7\">\n<div class=\"layoutArea\">\n<div class=\"column\">\n<h2 style=\"text-align: center;\"><span><strong>&#8230; Parce qu\u2019estafette c\u0327a rime avec fe\u0302te !!<\/strong> <\/span><\/h2>\n<\/div>\n<\/div>\n<\/div>\n<p>[\/et_pb_text][\/et_pb_column][\/et_pb_row][\/et_pb_section][et_pb_section fb_built=\u00a0\u00bb1&Prime; _builder_version=\u00a0\u00bb4.8.1&Prime; _module_preset=\u00a0\u00bbdefault\u00a0\u00bb custom_padding=\u00a0\u00bb10px||30px|||\u00a0\u00bb][et_pb_row column_structure=\u00a0\u00bb1_3,1_3,1_3&Prime; _builder_version=\u00a0\u00bb4.8.1&Prime; _module_preset=\u00a0\u00bbdefault\u00a0\u00bb][et_pb_column type=\u00a0\u00bb1_3&Prime; _builder_version=\u00a0\u00bb4.8.1&Prime; _module_preset=\u00a0\u00bbdefault\u00a0\u00bb][et_pb_image src=\u00a0\u00bbhttps:\/\/www.lestafettegraphique.com\/wp-content\/uploads\/2021\/05\/estafette-anim2.jpg\u00a0\u00bb title_text=\u00a0\u00bbestafette-anim2&Prime; _builder_version=\u00a0\u00bb4.8.1&Prime; _module_preset=\u00a0\u00bbdefault\u00a0\u00bb hover_enabled=\u00a0\u00bb0&Prime; sticky_enabled=\u00a0\u00bb0&Prime;][\/et_pb_image][\/et_pb_column][et_pb_column type=\u00a0\u00bb1_3&Prime; _builder_version=\u00a0\u00bb4.8.1&Prime; _module_preset=\u00a0\u00bbdefault\u00a0\u00bb][et_pb_image src=\u00a0\u00bbhttps:\/\/www.lestafettegraphique.com\/wp-content\/uploads\/2021\/05\/DSC_4421_WEB.jpg\u00a0\u00bb title_text=\u00a0\u00bbDSC_4421_WEB\u00a0\u00bb _builder_version=\u00a0\u00bb4.8.1&Prime; _module_preset=\u00a0\u00bbdefault\u00a0\u00bb][\/et_pb_image][\/et_pb_column][et_pb_column type=\u00a0\u00bb1_3&Prime; _builder_version=\u00a0\u00bb4.8.1&Prime; _module_preset=\u00a0\u00bbdefault\u00a0\u00bb][et_pb_image src=\u00a0\u00bbhttps:\/\/www.lestafettegraphique.com\/wp-content\/uploads\/2021\/05\/L_estafette_029-scaled.jpg\u00a0\u00bb title_text=\u00a0\u00bbL_estafette_029&Prime; _builder_version=\u00a0\u00bb4.8.1&Prime; _module_preset=\u00a0\u00bbdefault\u00a0\u00bb][\/et_pb_image][\/et_pb_column][\/et_pb_row][et_pb_row column_structure=\u00a0\u00bb1_3,1_3,1_3&Prime; _builder_version=\u00a0\u00bb4.8.1&Prime; _module_preset=\u00a0\u00bbdefault\u00a0\u00bb custom_padding=\u00a0\u00bb68px|||||\u00a0\u00bb][et_pb_column type=\u00a0\u00bb1_3&Prime; _builder_version=\u00a0\u00bb4.8.1&Prime; _module_preset=\u00a0\u00bbdefault\u00a0\u00bb][et_pb_image src=\u00a0\u00bbhttps:\/\/www.lestafettegraphique.com\/wp-content\/uploads\/2021\/04\/IMG_4810-scaled.jpeg\u00a0\u00bb title_text=\u00a0\u00bbIMG_4810&Prime; _builder_version=\u00a0\u00bb4.8.1&Prime; _module_preset=\u00a0\u00bbdefault\u00a0\u00bb][\/et_pb_image][\/et_pb_column][et_pb_column type=\u00a0\u00bb1_3&Prime; _builder_version=\u00a0\u00bb4.8.1&Prime; _module_preset=\u00a0\u00bbdefault\u00a0\u00bb][et_pb_image src=\u00a0\u00bbhttps:\/\/www.lestafettegraphique.com\/wp-content\/uploads\/2021\/05\/animation-intervention.jpg\u00a0\u00bb alt=\u00a0\u00bbl&rsquo;estafette graphique propose des intervention sur mesure\u00a0\u00bb title_text=\u00a0\u00bbanimation-intervention\u00a0\u00bb _builder_version=\u00a0\u00bb4.8.1&Prime; _module_preset=\u00a0\u00bbdefault\u00a0\u00bb][\/et_pb_image][\/et_pb_column][et_pb_column type=\u00a0\u00bb1_3&Prime; _builder_version=\u00a0\u00bb4.8.1&Prime; _module_preset=\u00a0\u00bbdefault\u00a0\u00bb][et_pb_image src=\u00a0\u00bbhttps:\/\/www.lestafettegraphique.com\/wp-content\/uploads\/2021\/04\/IMG_4786-scaled.jpeg\u00a0\u00bb title_text=\u00a0\u00bbIMG_4786&Prime; _builder_version=\u00a0\u00bb4.8.1&Prime; _module_preset=\u00a0\u00bbdefault\u00a0\u00bb][\/et_pb_image][\/et_pb_column][\/et_pb_row][et_pb_row column_structure=\u00a0\u00bb1_3,1_3,1_3&Prime; _builder_version=\u00a0\u00bb4.8.1&Prime; _module_preset=\u00a0\u00bbdefault\u00a0\u00bb][et_pb_column type=\u00a0\u00bb1_3&Prime; _builder_version=\u00a0\u00bb4.8.1&Prime; _module_preset=\u00a0\u00bbdefault\u00a0\u00bb][et_pb_image src=\u00a0\u00bbhttps:\/\/www.lestafettegraphique.com\/wp-content\/uploads\/2021\/05\/DSC_4430_WEB.jpg\u00a0\u00bb title_text=\u00a0\u00bbDSC_4430_WEB\u00a0\u00bb _builder_version=\u00a0\u00bb4.8.1&Prime; _module_preset=\u00a0\u00bbdefault\u00a0\u00bb][\/et_pb_image][\/et_pb_column][et_pb_column type=\u00a0\u00bb1_3&Prime; _builder_version=\u00a0\u00bb4.8.1&Prime; _module_preset=\u00a0\u00bbdefault\u00a0\u00bb][et_pb_image src=\u00a0\u00bbhttps:\/\/www.lestafettegraphique.com\/wp-content\/uploads\/2021\/04\/DSC_4510_WEB.jpg\u00a0\u00bb title_text=\u00a0\u00bbDSC_4510_WEB\u00a0\u00bb _builder_version=\u00a0\u00bb4.8.1&Prime; _module_preset=\u00a0\u00bbdefault\u00a0\u00bb][\/et_pb_image][\/et_pb_column][et_pb_column type=\u00a0\u00bb1_3&Prime; _builder_version=\u00a0\u00bb4.8.1&Prime; _module_preset=\u00a0\u00bbdefault\u00a0\u00bb][et_pb_image src=\u00a0\u00bbhttps:\/\/www.lestafettegraphique.com\/wp-content\/uploads\/2021\/05\/DSC_4428_WEB.jpg\u00a0\u00bb title_text=\u00a0\u00bbDSC_4428_WEB\u00a0\u00bb _builder_version=\u00a0\u00bb4.8.1&Prime; _module_preset=\u00a0\u00bbdefault\u00a0\u00bb][\/et_pb_image][\/et_pb_column][\/et_pb_row][et_pb_row column_structure=\u00a0\u00bb1_3,1_3,1_3&Prime; _builder_version=\u00a0\u00bb4.8.1&Prime; _module_preset=\u00a0\u00bbdefault\u00a0\u00bb custom_margin=\u00a0\u00bb53px|auto||auto||\u00a0\u00bb][et_pb_column type=\u00a0\u00bb1_3&Prime; _builder_version=\u00a0\u00bb4.8.1&Prime; _module_preset=\u00a0\u00bbdefault\u00a0\u00bb][et_pb_image src=\u00a0\u00bbhttps:\/\/www.lestafettegraphique.com\/wp-content\/uploads\/2021\/04\/IMG_2057-scaled.jpg\u00a0\u00bb title_text=\u00a0\u00bbIMG_2057&Prime; _builder_version=\u00a0\u00bb4.8.1&Prime; _module_preset=\u00a0\u00bbdefault\u00a0\u00bb][\/et_pb_image][\/et_pb_column][et_pb_column type=\u00a0\u00bb1_3&Prime; _builder_version=\u00a0\u00bb4.8.1&Prime; _module_preset=\u00a0\u00bbdefault\u00a0\u00bb][et_pb_image src=\u00a0\u00bbhttps:\/\/www.lestafettegraphique.com\/wp-content\/uploads\/2021\/05\/animation-chez-vous.jpg\u00a0\u00bb alt=\u00a0\u00bbL&rsquo;estafette graphique vient chez vous\u00a0\u00bb title_text=\u00a0\u00bbanimation-chez-vous\u00a0\u00bb _builder_version=\u00a0\u00bb4.8.1&Prime; _module_preset=\u00a0\u00bbdefault\u00a0\u00bb][\/et_pb_image][\/et_pb_column][et_pb_column type=\u00a0\u00bb1_3&Prime; _builder_version=\u00a0\u00bb4.8.1&Prime; _module_preset=\u00a0\u00bbdefault\u00a0\u00bb][et_pb_image src=\u00a0\u00bbhttps:\/\/www.lestafettegraphique.com\/wp-content\/uploads\/2021\/04\/5-scaled.jpg\u00a0\u00bb title_text=\u00a0\u00bb5&Prime; _builder_version=\u00a0\u00bb4.8.1&Prime; _module_preset=\u00a0\u00bbdefault\u00a0\u00bb][\/et_pb_image][\/et_pb_column][\/et_pb_row][et_pb_row column_structure=\u00a0\u00bb1_3,1_3,1_3&Prime; _builder_version=\u00a0\u00bb4.8.1&Prime; _module_preset=\u00a0\u00bbdefault\u00a0\u00bb][et_pb_column type=\u00a0\u00bb1_3&Prime; _builder_version=\u00a0\u00bb4.8.1&Prime; _module_preset=\u00a0\u00bbdefault\u00a0\u00bb][et_pb_image src=\u00a0\u00bbhttps:\/\/www.lestafettegraphique.com\/wp-content\/uploads\/2021\/04\/8-scaled.jpg\u00a0\u00bb title_text=\u00a0\u00bb8&Prime; _builder_version=\u00a0\u00bb4.8.1&Prime; _module_preset=\u00a0\u00bbdefault\u00a0\u00bb][\/et_pb_image][\/et_pb_column][et_pb_column type=\u00a0\u00bb1_3&Prime; _builder_version=\u00a0\u00bb4.8.1&Prime; _module_preset=\u00a0\u00bbdefault\u00a0\u00bb][et_pb_image src=\u00a0\u00bbhttps:\/\/www.lestafettegraphique.com\/wp-content\/uploads\/2021\/04\/9-scaled.jpg\u00a0\u00bb title_text=\u00a0\u00bb9&Prime; _builder_version=\u00a0\u00bb4.8.1&Prime; _module_preset=\u00a0\u00bbdefault\u00a0\u00bb][\/et_pb_image][\/et_pb_column][et_pb_column type=\u00a0\u00bb1_3&Prime; _builder_version=\u00a0\u00bb4.8.1&Prime; _module_preset=\u00a0\u00bbdefault\u00a0\u00bb][et_pb_image src=\u00a0\u00bbhttps:\/\/www.lestafettegraphique.com\/wp-content\/uploads\/2021\/04\/IMG_1978-scaled.jpg\u00a0\u00bb title_text=\u00a0\u00bbIMG_1978&Prime; _builder_version=\u00a0\u00bb4.8.1&Prime; _module_preset=\u00a0\u00bbdefault\u00a0\u00bb][\/et_pb_image][\/et_pb_column][\/et_pb_row][\/et_pb_section]<\/p>\n","protected":false},"excerpt":{"rendered":"<p>[et_pb_section fb_built=\u00a0\u00bb1&Prime; _builder_version=\u00a0\u00bb4.8.1&Prime; _module_preset=\u00a0\u00bbdefault\u00a0\u00bb custom_padding=\u00a0\u00bb5px||3px|||\u00a0\u00bb][et_pb_row _builder_version=\u00a0\u00bb4.8.1&Prime; _module_preset=\u00a0\u00bbdefault\u00a0\u00bb custom_padding=\u00a0\u00bb||4px|||\u00a0\u00bb][et_pb_column type=\u00a0\u00bb4_4&Prime; _builder_version=\u00a0\u00bb4.8.1&Prime; _module_preset=\u00a0\u00bbdefault\u00a0\u00bb][et_pb_image src=\u00a0\u00bbhttps:\/\/www.lestafettegraphique.com\/wp-content\/uploads\/2021\/04\/titre-animation-estafette-300&#215;96.png\u00a0\u00bb alt=\u00a0\u00bbAnimations avec l&rsquo;Estafette graphique, atelier de s\u00e9rigraphie itin\u00e9rant\u00a0\u00bb title_text=\u00a0\u00bbtitre-animation-estafette\u00a0\u00bb align=\u00a0\u00bbcenter\u00a0\u00bb _builder_version=\u00a0\u00bb4.8.1&Prime; _module_preset=\u00a0\u00bbdefault\u00a0\u00bb][\/et_pb_image][\/et_pb_column][\/et_pb_row][\/et_pb_section][et_pb_section fb_built=\u00a0\u00bb1&Prime; _builder_version=\u00a0\u00bb4.8.1&Prime; _module_preset=\u00a0\u00bbdefault\u00a0\u00bb custom_padding=\u00a0\u00bb5px||1px|||\u00a0\u00bb][et_pb_row _builder_version=\u00a0\u00bb4.8.1&Prime; _module_preset=\u00a0\u00bbdefault\u00a0\u00bb][et_pb_column type=\u00a0\u00bb4_4&Prime; _builder_version=\u00a0\u00bb4.8.1&Prime; _module_preset=\u00a0\u00bbdefault\u00a0\u00bb][et_pb_text _builder_version=\u00a0\u00bb4.8.1&Prime; _module_preset=\u00a0\u00bbdefault\u00a0\u00bb header_2_font_size=\u00a0\u00bb20px\u00a0\u00bb] &#8230; Parce qu\u2019estafette c\u0327a rime avec fe\u0302te !! [\/et_pb_text][\/et_pb_column][\/et_pb_row][\/et_pb_section][et_pb_section fb_built=\u00a0\u00bb1&Prime; _builder_version=\u00a0\u00bb4.8.1&Prime; _module_preset=\u00a0\u00bbdefault\u00a0\u00bb custom_padding=\u00a0\u00bb10px||30px|||\u00a0\u00bb][et_pb_row column_structure=\u00a0\u00bb1_3,1_3,1_3&Prime; _builder_version=\u00a0\u00bb4.8.1&Prime; _module_preset=\u00a0\u00bbdefault\u00a0\u00bb][et_pb_column type=\u00a0\u00bb1_3&Prime; _builder_version=\u00a0\u00bb4.8.1&Prime; _module_preset=\u00a0\u00bbdefault\u00a0\u00bb][et_pb_image [&hellip;]<\/p>\n","protected":false},"author":1,"featured_media":0,"parent":0,"menu_order":0,"comment_status":"closed","ping_status":"closed","template":"","meta":{"_et_pb_use_builder":"on","_et_pb_old_content":"<!-- wp:divi\/placeholder \/-->","_et_gb_content_width":""},"yoast_head":"<!-- This site is optimized with the Yoast SEO plugin v16.1.1 - https:\/\/yoast.com\/wordpress\/plugins\/seo\/ -->\n<title>Les animations d\u00e9couverte s\u00e9rigraphie - l&#039;Estafette Graphique<\/title>\n<meta name=\"description\" content=\"Pour des \u00e9v\u00e8nements priv\u00e9s, l&#039;Estafette graphique s&#039;installe sur place pour une animation autour de la d\u00e9couverte de la s\u00e9rigraphie.\" \/>\n<link rel=\"canonical\" href=\"https:\/\/www.lestafettegraphique.com\/index.php\/animation-avec-lestafette\/\" \/>\n<meta property=\"og:locale\" content=\"fr_FR\" \/>\n<meta property=\"og:type\" content=\"article\" \/>\n<meta property=\"og:title\" content=\"Les animations d\u00e9couverte s\u00e9rigraphie - l&#039;Estafette Graphique\" \/>\n<meta property=\"og:description\" content=\"Pour des \u00e9v\u00e8nements priv\u00e9s, l&#039;Estafette graphique s&#039;installe sur place pour une animation autour de la d\u00e9couverte de la s\u00e9rigraphie.\" \/>\n<meta property=\"og:url\" content=\"https:\/\/www.lestafettegraphique.com\/index.php\/animation-avec-lestafette\/\" \/>\n<meta property=\"og:site_name\" content=\"L&#039;estafette Graphique\" \/>\n<meta property=\"article:publisher\" content=\"https:\/\/www.facebook.com\/Lestafette-Graphique-330352984391327\" \/>\n<meta property=\"article:modified_time\" content=\"2021-05-11T14:40:00+00:00\" \/>\n<meta name=\"twitter:card\" content=\"summary_large_image\" \/>\n<script type=\"application\/ld+json\" class=\"yoast-schema-graph\">{\"@context\":\"https:\/\/schema.org\",\"@graph\":[{\"@type\":\"WebSite\",\"@id\":\"https:\/\/www.lestafettegraphique.com\/#website\",\"url\":\"https:\/\/www.lestafettegraphique.com\/\",\"name\":\"L&#039;estafette Graphique\",\"description\":\"Atelier de s\\u00e9rigraphie ambulant\",\"potentialAction\":[{\"@type\":\"SearchAction\",\"target\":\"https:\/\/www.lestafettegraphique.com\/?s={search_term_string}\",\"query-input\":\"required name=search_term_string\"}],\"inLanguage\":\"fr-FR\"},{\"@type\":\"WebPage\",\"@id\":\"https:\/\/www.lestafettegraphique.com\/index.php\/animation-avec-lestafette\/#webpage\",\"url\":\"https:\/\/www.lestafettegraphique.com\/index.php\/animation-avec-lestafette\/\",\"name\":\"Les animations d\\u00e9couverte s\\u00e9rigraphie - l'Estafette Graphique\",\"isPartOf\":{\"@id\":\"https:\/\/www.lestafettegraphique.com\/#website\"},\"datePublished\":\"2021-04-22T08:44:22+00:00\",\"dateModified\":\"2021-05-11T14:40:00+00:00\",\"description\":\"Pour des \\u00e9v\\u00e8nements priv\\u00e9s, l'Estafette graphique s'installe sur place pour une animation autour de la d\\u00e9couverte de la s\\u00e9rigraphie.\",\"breadcrumb\":{\"@id\":\"https:\/\/www.lestafettegraphique.com\/index.php\/animation-avec-lestafette\/#breadcrumb\"},\"inLanguage\":\"fr-FR\",\"potentialAction\":[{\"@type\":\"ReadAction\",\"target\":[\"https:\/\/www.lestafettegraphique.com\/index.php\/animation-avec-lestafette\/\"]}]},{\"@type\":\"BreadcrumbList\",\"@id\":\"https:\/\/www.lestafettegraphique.com\/index.php\/animation-avec-lestafette\/#breadcrumb\",\"itemListElement\":[{\"@type\":\"ListItem\",\"position\":1,\"item\":{\"@type\":\"WebPage\",\"@id\":\"https:\/\/www.lestafettegraphique.com\/\",\"url\":\"https:\/\/www.lestafettegraphique.com\/\",\"name\":\"Accueil\"}},{\"@type\":\"ListItem\",\"position\":2,\"item\":{\"@type\":\"WebPage\",\"@id\":\"https:\/\/www.lestafettegraphique.com\/index.php\/animation-avec-lestafette\/\",\"url\":\"https:\/\/www.lestafettegraphique.com\/index.php\/animation-avec-lestafette\/\",\"name\":\"Animation avec l&#8217;Estafette\"}}]}]}<\/script>\n<!-- \/ Yoast SEO plugin. -->","_links":{"self":[{"href":"https:\/\/www.lestafettegraphique.com\/index.php\/wp-json\/wp\/v2\/pages\/335"}],"collection":[{"href":"https:\/\/www.lestafettegraphique.com\/index.php\/wp-json\/wp\/v2\/pages"}],"about":[{"href":"https:\/\/www.lestafettegraphique.com\/index.php\/wp-json\/wp\/v2\/types\/page"}],"author":[{"embeddable":true,"href":"https:\/\/www.lestafettegraphique.com\/index.php\/wp-json\/wp\/v2\/users\/1"}],"replies":[{"embeddable":true,"href":"https:\/\/www.lestafettegraphique.com\/index.php\/wp-json\/wp\/v2\/comments?post=335"}],"version-history":[{"count":26,"href":"https:\/\/www.lestafettegraphique.com\/index.php\/wp-json\/wp\/v2\/pages\/335\/revisions"}],"predecessor-version":[{"id":746,"href":"https:\/\/www.lestafettegraphique.com\/index.php\/wp-json\/wp\/v2\/pages\/335\/revisions\/746"}],"wp:attachment":[{"href":"https:\/\/www.lestafettegraphique.com\/index.php\/wp-json\/wp\/v2\/media?parent=335"}],"curies":[{"name":"wp","href":"https:\/\/api.w.org\/{rel}","templated":true}]}}