{"id":627,"date":"2021-04-29T15:24:29","date_gmt":"2021-04-29T13:24:29","guid":{"rendered":"https:\/\/www.lestafettegraphique.com\/?page_id=627"},"modified":"2025-03-04T11:36:26","modified_gmt":"2025-03-04T10:36:26","slug":"mentions-legales","status":"publish","type":"page","link":"https:\/\/www.lestafettegraphique.com\/index.php\/mentions-legales\/","title":{"rendered":"Mentions l\u00e9gales"},"content":{"rendered":"\n[et_pb_section fb_built=\u00a0\u00bb1&Prime; _builder_version=\u00a0\u00bb4.8.1&Prime; _module_preset=\u00a0\u00bbdefault\u00a0\u00bb custom_padding=\u00a0\u00bb4px||1px|||\u00a0\u00bb][et_pb_row _builder_version=\u00a0\u00bb4.8.1&Prime; _module_preset=\u00a0\u00bbdefault\u00a0\u00bb custom_margin=\u00a0\u00bb1px|auto||auto||\u00a0\u00bb][et_pb_column type=\u00a0\u00bb4_4&Prime; _builder_version=\u00a0\u00bb4.8.1&Prime; _module_preset=\u00a0\u00bbdefault\u00a0\u00bb][et_pb_image src=\u00a0\u00bbhttps:\/\/www.lestafettegraphique.com\/wp-content\/uploads\/2021\/04\/titre-mentions-legales-300&#215;58.png\u00a0\u00bb title_text=\u00a0\u00bbtitre-mentions-legales\u00a0\u00bb _builder_version=\u00a0\u00bb4.8.1&Prime; _module_preset=\u00a0\u00bbdefault\u00a0\u00bb][\/et_pb_image][\/et_pb_column][\/et_pb_row][\/et_pb_section][et_pb_section fb_built=\u00a0\u00bb1&Prime; _builder_version=\u00a0\u00bb4.8.1&Prime; _module_preset=\u00a0\u00bbdefault\u00a0\u00bb custom_padding=\u00a0\u00bb5px||2px|||\u00a0\u00bb][et_pb_row column_structure=\u00a0\u00bb1_2,1_2&Prime; _builder_version=\u00a0\u00bb4.8.1&Prime; _module_preset=\u00a0\u00bbdefault\u00a0\u00bb][et_pb_column type=\u00a0\u00bb1_2&Prime; _builder_version=\u00a0\u00bb4.8.1&Prime; _module_preset=\u00a0\u00bbdefault\u00a0\u00bb][et_pb_text _builder_version=\u00a0\u00bb4.8.1&Prime; _module_preset=\u00a0\u00bbdefault\u00a0\u00bb text_font=\u00a0\u00bbArial||||||||\u00a0\u00bb]<h3 class=\"p1\"><b>\u00c9DITEUR<\/b><\/h3>\n<p class=\"p2\">Nom commercial : L&rsquo;estafette Graphique<\/p>\n<p class=\"p2\">D\u00e9nomination sociale : Andrieux \u00c9lodie<\/p>\n<p class=\"p2\">Adresse : 81 impasse du Bosc, 46140 Luzech<\/p>\n<p class=\"p2\">SIRET : 437.607.492<\/p>\n<p class=\"p2\">Activit\u00e9 (Code NAF ou APE) : 1812Z<\/p>\n<p class=\"p2\">Date de cr\u00e9ation : 03\/05\/2021<\/p>\n<p class=\"p2\">G\u00e9rant : Mme Andrieux \u00c9lodie<\/p>\n<p class=\"p2\">T\u00e9l : +33 (0)6 20 44 61 42<\/p>\n<p class=\"p2\">Email : contact@lestafettegraphique.com<\/p>\n<p class=\"p2\">Site Internet : https:\/\/lestafettegraphique.com<\/p>\n<h3 class=\"p4\"><b>RESPONSABLE \u00c9DITORIAL<\/b><\/h3>\n<p class=\"p2\">\u00c9lodie Andrieux<\/p>\n<h3 class=\"p5\"><b>R\u00c9ALISATION<\/b><\/h3>\n<p class=\"p2\">Conception du site Web : Laura Bastier<\/p>\n<p class=\"p2\">Photos : <a href=\"https:\/\/www.annelaudouarphotographie.com\/\" target=\"_blank\" rel=\"noopener noreferrer\"><span class=\"s1\">Anne Laudouar Photographe<\/span><\/a><\/p>\n<p class=\"p2\"><a href=\"http:\/\/happyfrimousse.com\/\" target=\"_blank\" rel=\"noopener noreferrer\">C\u00e9line Dounet<\/a><\/p>\n<p class=\"p2\"><\/p>[\/et_pb_text][\/et_pb_column][et_pb_column type=\u00a0\u00bb1_2&Prime; _builder_version=\u00a0\u00bb4.8.1&Prime; _module_preset=\u00a0\u00bbdefault\u00a0\u00bb][et_pb_text _builder_version=\u00a0\u00bb4.8.1&Prime; _module_preset=\u00a0\u00bbdefault\u00a0\u00bb text_font=\u00a0\u00bbArial||||||||\u00a0\u00bb]<h3 class=\"p1\"><b>\u00c9DITEUR<\/b><\/h3>\n<p class=\"p2\">Nom commercial : L&rsquo;estafette Graphique<\/p>\n<p class=\"p2\">D\u00e9nomination sociale : Andrieux \u00c9lodie<\/p>\n<p class=\"p2\"><a href=\"http:\/\/happyfrimousse.com\/\" target=\"_blank\" rel=\"noopener noreferrer\"><\/a><\/p>\n<h3 class=\"p5\"><b>PROPRI\u00c9T\u00c9 INTELLECTUELLE<\/b><\/h3>\n<p class=\"p2\">Le site internet ainsi que l\u2019ensemble des droits aff\u00e9rents est la propri\u00e9t\u00e9 exclusive et en sa totalit\u00e9 de L&rsquo;estafette Graphique. Toute repr\u00e9sentation totale ou partielle de ce site par quelque proc\u00e9d\u00e9 que ce soit, sans l\u2019autorisation expresse de l\u2019exploitant du site internet est interdite et constituerait une contrefa\u00e7on sanctionn\u00e9e par les articles L 335-2 et suivants du code de la propri\u00e9t\u00e9 intellectuelle.<\/p>\n<p class=\"p2\">Logo, graphisme, textes et images de ce site sont prot\u00e9g\u00e9s par copyright. La reproduction et l\u2019exploitation de ces \u00e9l\u00e9ments sont interdites.<\/p>\n<h3 class=\"p5\"><b>H\u00c9BERGEUR<\/b><\/h3>\n<p class=\"p6\"><span class=\"s2\">OVH \u2013 <a href=\"https:\/\/www.ovh.com\/fr\/\"><span class=\"s3\">https:\/\/www.ovh.com\/fr\/<\/span><\/a><\/span><\/p>\n<h3 class=\"p5\"><b>RESPONSABILIT\u00c9<\/b><\/h3>\n<p class=\"p2\">\u00c9lodie Andrieux \u2013 l&rsquo;estafette Graphique met tout en \u0153uvre pour offrir aux internautes l\u2019acc\u00e8s au site Internet, mais ne peut \u00eatre tenu responsable de rupture de services, d\u2019erreurs, d\u2019absence de disponibilit\u00e9 des informations ou de leur exactitude.<\/p>[\/et_pb_text][\/et_pb_column][\/et_pb_row][\/et_pb_section]\n","protected":false},"excerpt":{"rendered":"","protected":false},"author":1,"featured_media":0,"parent":0,"menu_order":0,"comment_status":"closed","ping_status":"closed","template":"","meta":{"_et_pb_use_builder":"on","_et_pb_old_content":"","_et_gb_content_width":""},"yoast_head":"<!-- This site is optimized with the Yoast SEO plugin v16.1.1 - https:\/\/yoast.com\/wordpress\/plugins\/seo\/ -->\n<title>Mentions l\u00e9gales du site Internet - Estafette Graphique<\/title>\n<meta name=\"description\" content=\"retrouvez ici toutes les mentions l\u00e9gales du site Internet de l&#039;Estafette Graphique, atelier mobile de s\u00e9rigraphie.\" \/>\n<link rel=\"canonical\" href=\"https:\/\/www.lestafettegraphique.com\/index.php\/mentions-legales\/\" \/>\n<meta property=\"og:locale\" content=\"fr_FR\" \/>\n<meta property=\"og:type\" content=\"article\" \/>\n<meta property=\"og:title\" content=\"Mentions l\u00e9gales du site Internet - Estafette Graphique\" \/>\n<meta property=\"og:description\" content=\"retrouvez ici toutes les mentions l\u00e9gales du site Internet de l&#039;Estafette Graphique, atelier mobile de s\u00e9rigraphie.\" \/>\n<meta property=\"og:url\" content=\"https:\/\/www.lestafettegraphique.com\/index.php\/mentions-legales\/\" \/>\n<meta property=\"og:site_name\" content=\"L&#039;estafette Graphique\" \/>\n<meta property=\"article:publisher\" content=\"https:\/\/www.facebook.com\/Lestafette-Graphique-330352984391327\" \/>\n<meta property=\"article:modified_time\" content=\"2025-03-04T10:36:26+00:00\" \/>\n<meta name=\"twitter:card\" content=\"summary_large_image\" \/>\n<meta name=\"twitter:label1\" content=\"Dur\u00e9e de lecture est.\">\n\t<meta name=\"twitter:data1\" content=\"2 minutes\">\n<script type=\"application\/ld+json\" class=\"yoast-schema-graph\">{\"@context\":\"https:\/\/schema.org\",\"@graph\":[{\"@type\":\"WebSite\",\"@id\":\"https:\/\/www.lestafettegraphique.com\/#website\",\"url\":\"https:\/\/www.lestafettegraphique.com\/\",\"name\":\"L&#039;estafette Graphique\",\"description\":\"Atelier de s\\u00e9rigraphie ambulant\",\"potentialAction\":[{\"@type\":\"SearchAction\",\"target\":\"https:\/\/www.lestafettegraphique.com\/?s={search_term_string}\",\"query-input\":\"required name=search_term_string\"}],\"inLanguage\":\"fr-FR\"},{\"@type\":\"WebPage\",\"@id\":\"https:\/\/www.lestafettegraphique.com\/index.php\/mentions-legales\/#webpage\",\"url\":\"https:\/\/www.lestafettegraphique.com\/index.php\/mentions-legales\/\",\"name\":\"Mentions l\\u00e9gales du site Internet - Estafette Graphique\",\"isPartOf\":{\"@id\":\"https:\/\/www.lestafettegraphique.com\/#website\"},\"datePublished\":\"2021-04-29T13:24:29+00:00\",\"dateModified\":\"2025-03-04T10:36:26+00:00\",\"description\":\"retrouvez ici toutes les mentions l\\u00e9gales du site Internet de l'Estafette Graphique, atelier mobile de s\\u00e9rigraphie.\",\"breadcrumb\":{\"@id\":\"https:\/\/www.lestafettegraphique.com\/index.php\/mentions-legales\/#breadcrumb\"},\"inLanguage\":\"fr-FR\",\"potentialAction\":[{\"@type\":\"ReadAction\",\"target\":[\"https:\/\/www.lestafettegraphique.com\/index.php\/mentions-legales\/\"]}]},{\"@type\":\"BreadcrumbList\",\"@id\":\"https:\/\/www.lestafettegraphique.com\/index.php\/mentions-legales\/#breadcrumb\",\"itemListElement\":[{\"@type\":\"ListItem\",\"position\":1,\"item\":{\"@type\":\"WebPage\",\"@id\":\"https:\/\/www.lestafettegraphique.com\/\",\"url\":\"https:\/\/www.lestafettegraphique.com\/\",\"name\":\"Accueil\"}},{\"@type\":\"ListItem\",\"position\":2,\"item\":{\"@type\":\"WebPage\",\"@id\":\"https:\/\/www.lestafettegraphique.com\/index.php\/mentions-legales\/\",\"url\":\"https:\/\/www.lestafettegraphique.com\/index.php\/mentions-legales\/\",\"name\":\"Mentions l\\u00e9gales\"}}]}]}<\/script>\n<!-- \/ Yoast SEO plugin. -->","_links":{"self":[{"href":"https:\/\/www.lestafettegraphique.com\/index.php\/wp-json\/wp\/v2\/pages\/627"}],"collection":[{"href":"https:\/\/www.lestafettegraphique.com\/index.php\/wp-json\/wp\/v2\/pages"}],"about":[{"href":"https:\/\/www.lestafettegraphique.com\/index.php\/wp-json\/wp\/v2\/types\/page"}],"author":[{"embeddable":true,"href":"https:\/\/www.lestafettegraphique.com\/index.php\/wp-json\/wp\/v2\/users\/1"}],"replies":[{"embeddable":true,"href":"https:\/\/www.lestafettegraphique.com\/index.php\/wp-json\/wp\/v2\/comments?post=627"}],"version-history":[{"count":10,"href":"https:\/\/www.lestafettegraphique.com\/index.php\/wp-json\/wp\/v2\/pages\/627\/revisions"}],"predecessor-version":[{"id":783,"href":"https:\/\/www.lestafettegraphique.com\/index.php\/wp-json\/wp\/v2\/pages\/627\/revisions\/783"}],"wp:attachment":[{"href":"https:\/\/www.lestafettegraphique.com\/index.php\/wp-json\/wp\/v2\/media?parent=627"}],"curies":[{"name":"wp","href":"https:\/\/api.w.org\/{rel}","templated":true}]}}