{"id":661,"date":"2021-05-11T11:42:24","date_gmt":"2021-05-11T09:42:24","guid":{"rendered":"https:\/\/www.lestafettegraphique.com\/?page_id=661"},"modified":"2021-05-11T15:42:29","modified_gmt":"2021-05-11T13:42:29","slug":"des-clients-contents","status":"publish","type":"page","link":"https:\/\/www.lestafettegraphique.com\/index.php\/des-clients-contents\/","title":{"rendered":"Des clients contents"},"content":{"rendered":"<p>[et_pb_section fb_built=\u00a0\u00bb1&Prime; _builder_version=\u00a0\u00bb4.8.1&Prime; _module_preset=\u00a0\u00bbdefault\u00a0\u00bb custom_padding=\u00a0\u00bb5px||0px|||\u00a0\u00bb][et_pb_row _builder_version=\u00a0\u00bb4.8.1&Prime; _module_preset=\u00a0\u00bbdefault\u00a0\u00bb custom_padding=\u00a0\u00bb7px||3px|||\u00a0\u00bb][et_pb_column type=\u00a0\u00bb4_4&Prime; _builder_version=\u00a0\u00bb4.8.1&Prime; _module_preset=\u00a0\u00bbdefault\u00a0\u00bb][et_pb_image src=\u00a0\u00bbhttps:\/\/www.lestafettegraphique.com\/wp-content\/uploads\/2021\/05\/titre-clientsV2.png\u00a0\u00bb alt=\u00a0\u00bbles t\u00e9moignages des clients de l&rsquo;estafette graphique\u00a0\u00bb title_text=\u00a0\u00bbtitre-clientsV2&Prime; align=\u00a0\u00bbcenter\u00a0\u00bb _builder_version=\u00a0\u00bb4.8.1&Prime; _module_preset=\u00a0\u00bbdefault\u00a0\u00bb custom_margin=\u00a0\u00bb25px||-5px|||\u00a0\u00bb][\/et_pb_image][\/et_pb_column][\/et_pb_row][\/et_pb_section][et_pb_section fb_built=\u00a0\u00bb1&Prime; _builder_version=\u00a0\u00bb4.8.1&Prime; _module_preset=\u00a0\u00bbdefault\u00a0\u00bb custom_padding=\u00a0\u00bb2px||7px|||\u00a0\u00bb][et_pb_row _builder_version=\u00a0\u00bb4.8.1&Prime; _module_preset=\u00a0\u00bbdefault\u00a0\u00bb][et_pb_column type=\u00a0\u00bb4_4&Prime; _builder_version=\u00a0\u00bb4.8.1&Prime; _module_preset=\u00a0\u00bbdefault\u00a0\u00bb][et_pb_slider use_bg_overlay=\u00a0\u00bboff\u00a0\u00bb use_text_overlay=\u00a0\u00bbon\u00a0\u00bb text_overlay_color=\u00a0\u00bb#ffffbf\u00a0\u00bb text_border_radius=\u00a0\u00bb20px\u00a0\u00bb arrows_custom_color=\u00a0\u00bb#000000&Prime; dot_nav_custom_color=\u00a0\u00bb#000000&Prime; _builder_version=\u00a0\u00bb4.8.1&Prime; _module_preset=\u00a0\u00bbdefault\u00a0\u00bb header_level=\u00a0\u00bbh1&Prime; header_font=\u00a0\u00bbAmatic SC||||||||\u00a0\u00bb header_text_align=\u00a0\u00bbleft\u00a0\u00bb header_text_color=\u00a0\u00bb#000000&Prime; header_font_size=\u00a0\u00bb25px\u00a0\u00bb header_line_height=\u00a0\u00bb1.3em\u00a0\u00bb body_font=\u00a0\u00bbArial||||||||\u00a0\u00bb body_text_color=\u00a0\u00bb#000000&Prime; body_font_size=\u00a0\u00bb15px\u00a0\u00bb body_line_height=\u00a0\u00bb1.8em\u00a0\u00bb background_color=\u00a0\u00bbRGBA(0,0,0,0)\u00a0\u00bb custom_margin=\u00a0\u00bb-8px|||||\u00a0\u00bb custom_padding=\u00a0\u00bb55px|||||\u00a0\u00bb hover_enabled=\u00a0\u00bb0&Prime; border_color_all=\u00a0\u00bbRGBA(0,0,0,0)\u00a0\u00bb border_radii_image=\u00a0\u00bbon|20px|20px|20px|20px\u00a0\u00bb sticky_enabled=\u00a0\u00bb0&Prime;][et_pb_slide heading=\u00a0\u00bbGabriel, M\u00e9diath\u00e8que de Sainte-Livrade-sur-Lot \u00a0\u00bb image=\u00a0\u00bbhttps:\/\/www.lestafettegraphique.com\/wp-content\/uploads\/2021\/05\/festival-BD-scaled.jpg\u00a0\u00bb _builder_version=\u00a0\u00bb4.8.1&Prime; _module_preset=\u00a0\u00bbdefault\u00a0\u00bb background_layout=\u00a0\u00bblight\u00a0\u00bb sticky_transition=\u00a0\u00bbon\u00a0\u00bb]<\/p>\n<p style=\"text-align: justify;\">\u00c9lodie est venue proposer un atelier de s\u00e9rigraphie durant le Festival BD que nous organisons chaque ann\u00e9e \u00e0 Saint-Livrade-sur-Lot. Les festivaliers pouvaient choisir entre un dessin de BD jeunesse ou de BD adulte. Tous, nous compris, \u00e9taient ravis de comprendre et d\u2019essayer cette technique et de repartir avec un objet aussi joli qu\u2019unique. La \u00ab\u00a0f\u00e9e du festival\u00a0\u00bb a mis du soleil dans les c\u0153urs et des \u00e9toiles plein les yeux des festivaliers. Merci pour sa magie\u00a0!<\/p>\n<p>[\/et_pb_slide][et_pb_slide heading=\u00a0\u00bbFr\u00e9d\u00e9ric Landes, Librairie \u00ab Des livres et vous \u00bb Gourdon\u00a0\u00bb image=\u00a0\u00bbhttps:\/\/www.lestafettegraphique.com\/wp-content\/uploads\/2021\/05\/sac_gourdon3.jpg\u00a0\u00bb _builder_version=\u00a0\u00bb4.8.1&Prime; _module_preset=\u00a0\u00bbdefault\u00a0\u00bb background_layout=\u00a0\u00bblight\u00a0\u00bb sticky_transition=\u00a0\u00bbon\u00a0\u00bb]<\/p>\n<p>C\u2019est avec grand plaisir que j\u2019ai travaill\u00e9 \u00e0 l\u2019\u00e9laboration de mon sac en tissu personnalis\u00e9 gr\u00e2ce \u00e0 \u00c9lodie de l\u2019Estafette Graphique. Lors de ma campagne de financement participatif sur Ulule, elle m\u2019a conseill\u00e9 et nous avons convenu ensemble du plus beau mod\u00e8le \u00e0 mettre en \u0153uvre pour la librairie. Le r\u00e9sultat est de qualit\u00e9\u00a0!! Un grand merci \u00e0 elle\u00a0!!<\/p>\n<p>[\/et_pb_slide][et_pb_slide heading=\u00a0\u00bbLaura, La Loge LB, Barguelonne-en-Quercy\u00a0\u00bb image=\u00a0\u00bbhttps:\/\/www.lestafettegraphique.com\/wp-content\/uploads\/2021\/04\/La_Loge_LB_seance_saccourgep_002-scaled.jpg\u00a0\u00bb _builder_version=\u00a0\u00bb4.8.1&Prime; _module_preset=\u00a0\u00bbdefault\u00a0\u00bb background_layout=\u00a0\u00bblight\u00a0\u00bb sticky_transition=\u00a0\u00bbon\u00a0\u00bb]<\/p>\n<p style=\"text-align: justify;\">J\u2019ai fait plusieurs fois appel \u00e0 \u00c9lodie et son atelier de s\u00e9rigraphie ambulant pour la r\u00e9alisation de mes cr\u00e9ations\u00a0: affiches, cabas, t-shirts. En plus d\u2019une collaboration joyeuse, le r\u00e9sultat est toujours \u00e0 la hauteur de mes attentes. Depuis je la conseille aupr\u00e8s de mes clients pour des r\u00e9alisations sp\u00e9cifiques et de mon entourage pour les \u00e9v\u00e8nements priv\u00e9s.<\/p>\n<p>[\/et_pb_slide][\/et_pb_slider][\/et_pb_column][\/et_pb_row][et_pb_row _builder_version=\u00a0\u00bb4.8.1&Prime; _module_preset=\u00a0\u00bbdefault\u00a0\u00bb custom_padding=\u00a0\u00bb4px|||||\u00a0\u00bb locked=\u00a0\u00bboff\u00a0\u00bb][et_pb_column type=\u00a0\u00bb4_4&Prime; _builder_version=\u00a0\u00bb4.8.1&Prime; _module_preset=\u00a0\u00bbdefault\u00a0\u00bb][et_pb_button button_url=\u00a0\u00bb@ET-DC@eyJkeW5hbWljIjp0cnVlLCJjb250ZW50IjoicG9zdF9saW5rX3VybF9wYWdlIiwic2V0dGluZ3MiOnsicG9zdF9pZCI6IjMzOSJ9fQ==@\u00a0\u00bb button_text=\u00a0\u00bbVous avez un projet ? Contactez-nous ici\u00a0\u00bb button_alignment=\u00a0\u00bbcenter\u00a0\u00bb _builder_version=\u00a0\u00bb4.8.1&Prime; _dynamic_attributes=\u00a0\u00bbbutton_url\u00a0\u00bb _module_preset=\u00a0\u00bbdefault\u00a0\u00bb custom_button=\u00a0\u00bbon\u00a0\u00bb button_text_color=\u00a0\u00bb#000000&Prime; button_bg_color=\u00a0\u00bb#ffff00&Prime; button_border_width=\u00a0\u00bb0px\u00a0\u00bb button_border_color=\u00a0\u00bbRGBA(0,0,0,0)\u00a0\u00bb button_border_radius=\u00a0\u00bb0px\u00a0\u00bb button_font=\u00a0\u00bbArial|600|||||||\u00a0\u00bb button_icon=\u00a0\u00bb%%3%%\u00a0\u00bb animation_style=\u00a0\u00bbflip\u00a0\u00bb][\/et_pb_button][\/et_pb_column][\/et_pb_row][\/et_pb_section]<\/p>\n","protected":false},"excerpt":{"rendered":"<p>[et_pb_section fb_built=\u00a0\u00bb1&Prime; _builder_version=\u00a0\u00bb4.8.1&Prime; _module_preset=\u00a0\u00bbdefault\u00a0\u00bb custom_padding=\u00a0\u00bb5px||0px|||\u00a0\u00bb][et_pb_row _builder_version=\u00a0\u00bb4.8.1&Prime; _module_preset=\u00a0\u00bbdefault\u00a0\u00bb custom_padding=\u00a0\u00bb7px||3px|||\u00a0\u00bb][et_pb_column type=\u00a0\u00bb4_4&Prime; _builder_version=\u00a0\u00bb4.8.1&Prime; _module_preset=\u00a0\u00bbdefault\u00a0\u00bb][et_pb_image src=\u00a0\u00bbhttps:\/\/www.lestafettegraphique.com\/wp-content\/uploads\/2021\/05\/titre-clientsV2.png\u00a0\u00bb alt=\u00a0\u00bbles t\u00e9moignages des clients de l&rsquo;estafette graphique\u00a0\u00bb title_text=\u00a0\u00bbtitre-clientsV2&Prime; align=\u00a0\u00bbcenter\u00a0\u00bb _builder_version=\u00a0\u00bb4.8.1&Prime; _module_preset=\u00a0\u00bbdefault\u00a0\u00bb custom_margin=\u00a0\u00bb25px||-5px|||\u00a0\u00bb][\/et_pb_image][\/et_pb_column][\/et_pb_row][\/et_pb_section][et_pb_section fb_built=\u00a0\u00bb1&Prime; _builder_version=\u00a0\u00bb4.8.1&Prime; _module_preset=\u00a0\u00bbdefault\u00a0\u00bb custom_padding=\u00a0\u00bb2px||7px|||\u00a0\u00bb][et_pb_row _builder_version=\u00a0\u00bb4.8.1&Prime; _module_preset=\u00a0\u00bbdefault\u00a0\u00bb][et_pb_column type=\u00a0\u00bb4_4&Prime; _builder_version=\u00a0\u00bb4.8.1&Prime; _module_preset=\u00a0\u00bbdefault\u00a0\u00bb][et_pb_slider use_bg_overlay=\u00a0\u00bboff\u00a0\u00bb use_text_overlay=\u00a0\u00bbon\u00a0\u00bb text_overlay_color=\u00a0\u00bb#ffffbf\u00a0\u00bb text_border_radius=\u00a0\u00bb20px\u00a0\u00bb arrows_custom_color=\u00a0\u00bb#000000&Prime; dot_nav_custom_color=\u00a0\u00bb#000000&Prime; _builder_version=\u00a0\u00bb4.8.1&Prime; _module_preset=\u00a0\u00bbdefault\u00a0\u00bb header_level=\u00a0\u00bbh1&Prime; header_font=\u00a0\u00bbAmatic SC||||||||\u00a0\u00bb header_text_align=\u00a0\u00bbleft\u00a0\u00bb header_text_color=\u00a0\u00bb#000000&Prime; header_font_size=\u00a0\u00bb25px\u00a0\u00bb header_line_height=\u00a0\u00bb1.3em\u00a0\u00bb body_font=\u00a0\u00bbArial||||||||\u00a0\u00bb body_text_color=\u00a0\u00bb#000000&Prime; body_font_size=\u00a0\u00bb15px\u00a0\u00bb body_line_height=\u00a0\u00bb1.8em\u00a0\u00bb background_color=\u00a0\u00bbRGBA(0,0,0,0)\u00a0\u00bb custom_margin=\u00a0\u00bb-8px|||||\u00a0\u00bb custom_padding=\u00a0\u00bb55px|||||\u00a0\u00bb [&hellip;]<\/p>\n","protected":false},"author":1,"featured_media":0,"parent":0,"menu_order":0,"comment_status":"closed","ping_status":"closed","template":"","meta":{"_et_pb_use_builder":"on","_et_pb_old_content":"","_et_gb_content_width":""},"yoast_head":"<!-- This site is optimized with the Yoast SEO plugin v16.1.1 - https:\/\/yoast.com\/wordpress\/plugins\/seo\/ -->\n<title>les t\u00e9moignages des clients contents - estafette graphique<\/title>\n<meta name=\"description\" content=\"retrouvez ici les t\u00e9moignages des clients qui ont fait appel \u00e0 l&#039;Estafette Graphique, atelier ambulant de s\u00e9rigraphie.\" \/>\n<link rel=\"canonical\" href=\"https:\/\/www.lestafettegraphique.com\/index.php\/des-clients-contents\/\" \/>\n<meta property=\"og:locale\" content=\"fr_FR\" \/>\n<meta property=\"og:type\" content=\"article\" \/>\n<meta property=\"og:title\" content=\"les t\u00e9moignages des clients contents - estafette graphique\" \/>\n<meta property=\"og:description\" content=\"retrouvez ici les t\u00e9moignages des clients qui ont fait appel \u00e0 l&#039;Estafette Graphique, atelier ambulant de s\u00e9rigraphie.\" \/>\n<meta property=\"og:url\" content=\"https:\/\/www.lestafettegraphique.com\/index.php\/des-clients-contents\/\" \/>\n<meta property=\"og:site_name\" content=\"L&#039;estafette Graphique\" \/>\n<meta property=\"article:publisher\" content=\"https:\/\/www.facebook.com\/Lestafette-Graphique-330352984391327\" \/>\n<meta property=\"article:modified_time\" content=\"2021-05-11T13:42:29+00:00\" \/>\n<meta name=\"twitter:card\" content=\"summary_large_image\" \/>\n<script type=\"application\/ld+json\" class=\"yoast-schema-graph\">{\"@context\":\"https:\/\/schema.org\",\"@graph\":[{\"@type\":\"WebSite\",\"@id\":\"https:\/\/www.lestafettegraphique.com\/#website\",\"url\":\"https:\/\/www.lestafettegraphique.com\/\",\"name\":\"L&#039;estafette Graphique\",\"description\":\"Atelier de s\\u00e9rigraphie ambulant\",\"potentialAction\":[{\"@type\":\"SearchAction\",\"target\":\"https:\/\/www.lestafettegraphique.com\/?s={search_term_string}\",\"query-input\":\"required name=search_term_string\"}],\"inLanguage\":\"fr-FR\"},{\"@type\":\"WebPage\",\"@id\":\"https:\/\/www.lestafettegraphique.com\/index.php\/des-clients-contents\/#webpage\",\"url\":\"https:\/\/www.lestafettegraphique.com\/index.php\/des-clients-contents\/\",\"name\":\"les t\\u00e9moignages des clients contents - estafette graphique\",\"isPartOf\":{\"@id\":\"https:\/\/www.lestafettegraphique.com\/#website\"},\"datePublished\":\"2021-05-11T09:42:24+00:00\",\"dateModified\":\"2021-05-11T13:42:29+00:00\",\"description\":\"retrouvez ici les t\\u00e9moignages des clients qui ont fait appel \\u00e0 l'Estafette Graphique, atelier ambulant de s\\u00e9rigraphie.\",\"breadcrumb\":{\"@id\":\"https:\/\/www.lestafettegraphique.com\/index.php\/des-clients-contents\/#breadcrumb\"},\"inLanguage\":\"fr-FR\",\"potentialAction\":[{\"@type\":\"ReadAction\",\"target\":[\"https:\/\/www.lestafettegraphique.com\/index.php\/des-clients-contents\/\"]}]},{\"@type\":\"BreadcrumbList\",\"@id\":\"https:\/\/www.lestafettegraphique.com\/index.php\/des-clients-contents\/#breadcrumb\",\"itemListElement\":[{\"@type\":\"ListItem\",\"position\":1,\"item\":{\"@type\":\"WebPage\",\"@id\":\"https:\/\/www.lestafettegraphique.com\/\",\"url\":\"https:\/\/www.lestafettegraphique.com\/\",\"name\":\"Accueil\"}},{\"@type\":\"ListItem\",\"position\":2,\"item\":{\"@type\":\"WebPage\",\"@id\":\"https:\/\/www.lestafettegraphique.com\/index.php\/des-clients-contents\/\",\"url\":\"https:\/\/www.lestafettegraphique.com\/index.php\/des-clients-contents\/\",\"name\":\"Des clients contents\"}}]}]}<\/script>\n<!-- \/ Yoast SEO plugin. -->","_links":{"self":[{"href":"https:\/\/www.lestafettegraphique.com\/index.php\/wp-json\/wp\/v2\/pages\/661"}],"collection":[{"href":"https:\/\/www.lestafettegraphique.com\/index.php\/wp-json\/wp\/v2\/pages"}],"about":[{"href":"https:\/\/www.lestafettegraphique.com\/index.php\/wp-json\/wp\/v2\/types\/page"}],"author":[{"embeddable":true,"href":"https:\/\/www.lestafettegraphique.com\/index.php\/wp-json\/wp\/v2\/users\/1"}],"replies":[{"embeddable":true,"href":"https:\/\/www.lestafettegraphique.com\/index.php\/wp-json\/wp\/v2\/comments?post=661"}],"version-history":[{"count":21,"href":"https:\/\/www.lestafettegraphique.com\/index.php\/wp-json\/wp\/v2\/pages\/661\/revisions"}],"predecessor-version":[{"id":710,"href":"https:\/\/www.lestafettegraphique.com\/index.php\/wp-json\/wp\/v2\/pages\/661\/revisions\/710"}],"wp:attachment":[{"href":"https:\/\/www.lestafettegraphique.com\/index.php\/wp-json\/wp\/v2\/media?parent=661"}],"curies":[{"name":"wp","href":"https:\/\/api.w.org\/{rel}","templated":true}]}}